{"id":1152,"date":"2026-03-19T22:13:43","date_gmt":"2026-03-19T22:13:43","guid":{"rendered":"https:\/\/1975mag.com\/?page_id=1152"},"modified":"2026-03-28T16:28:39","modified_gmt":"2026-03-28T16:28:39","slug":"archive","status":"publish","type":"page","link":"https:\/\/1975mag.com\/ro\/archive\/","title":{"rendered":"Archive"},"content":{"rendered":"\n<div class=\"wp-block-group alignfull is-layout-constrained wp-block-group-is-layout-constrained\">\n<div class=\"wp-block-group is-layout-constrained wp-block-group-is-layout-constrained\">\n<p class=\"has-text-color has-link-color has-large-font-size wp-elements-fd25a606ff11786ff2b709d31fb58515\" style=\"color:#a85a3d\"><strong>All Published Issues of 1975 Magazine<\/strong><br>[Click the cover image to read or download the PDF]<\/p>\n<\/div>\n<\/div>\n\n\n\n<hr class=\"wp-block-separator has-text-color has-alpha-channel-opacity has-background is-style-wide\" style=\"background-color:#8b1a1a;color:#8b1a1a\"\/>\n\n\n\n<div class=\"wp-block-columns is-layout-flex wp-container-core-columns-is-layout-28f84493 wp-block-columns-is-layout-flex\">\n<div class=\"wp-block-column is-layout-flow wp-block-column-is-layout-flow\">\n<figure class=\"wp-block-image size-large issue-cover\"><a href=\"https:\/\/1975mag.com\/1975-magazine-issue-1-april-2025\/\"><img loading=\"lazy\" decoding=\"async\" width=\"714\" height=\"1024\" src=\"https:\/\/1975mag.com\/wp-content\/uploads\/2026\/03\/1975-so-1-front-cover-1-714x1024.jpg\" alt=\"\" class=\"wp-image-1101\" srcset=\"https:\/\/1975mag.com\/wp-content\/uploads\/2026\/03\/1975-so-1-front-cover-1-714x1024.jpg 714w, https:\/\/1975mag.com\/wp-content\/uploads\/2026\/03\/1975-so-1-front-cover-1-209x300.jpg 209w, https:\/\/1975mag.com\/wp-content\/uploads\/2026\/03\/1975-so-1-front-cover-1-768x1101.jpg 768w, https:\/\/1975mag.com\/wp-content\/uploads\/2026\/03\/1975-so-1-front-cover-1-1072x1536.jpg 1072w, https:\/\/1975mag.com\/wp-content\/uploads\/2026\/03\/1975-so-1-front-cover-1-1429x2048.jpg 1429w, https:\/\/1975mag.com\/wp-content\/uploads\/2026\/03\/1975-so-1-front-cover-1-8x12.jpg 8w, https:\/\/1975mag.com\/wp-content\/uploads\/2026\/03\/1975-so-1-front-cover-1-scaled.jpg 1786w\" sizes=\"auto, (max-width: 714px) 100vw, 714px\" \/><\/a><\/figure>\n<\/div>\n\n\n\n<div class=\"wp-block-column is-layout-flow wp-block-column-is-layout-flow\">\n<figure class=\"wp-block-image size-large issue-cover\"><a href=\"https:\/\/1975mag.com\/1975-magazine-so-2-august-2025\/\"><img loading=\"lazy\" decoding=\"async\" width=\"714\" height=\"1024\" src=\"https:\/\/1975mag.com\/wp-content\/uploads\/2026\/03\/1975-so-2-front-cover-714x1024.jpg\" alt=\"\" class=\"wp-image-1156\" srcset=\"https:\/\/1975mag.com\/wp-content\/uploads\/2026\/03\/1975-so-2-front-cover-714x1024.jpg 714w, https:\/\/1975mag.com\/wp-content\/uploads\/2026\/03\/1975-so-2-front-cover-209x300.jpg 209w, https:\/\/1975mag.com\/wp-content\/uploads\/2026\/03\/1975-so-2-front-cover-768x1101.jpg 768w, https:\/\/1975mag.com\/wp-content\/uploads\/2026\/03\/1975-so-2-front-cover-1072x1536.jpg 1072w, https:\/\/1975mag.com\/wp-content\/uploads\/2026\/03\/1975-so-2-front-cover-1429x2048.jpg 1429w, https:\/\/1975mag.com\/wp-content\/uploads\/2026\/03\/1975-so-2-front-cover-8x12.jpg 8w, https:\/\/1975mag.com\/wp-content\/uploads\/2026\/03\/1975-so-2-front-cover-scaled.jpg 1786w\" sizes=\"auto, (max-width: 714px) 100vw, 714px\" \/><\/a><\/figure>\n<\/div>\n<\/div>\n\n\n\n<div class=\"wp-block-columns is-layout-flex wp-container-core-columns-is-layout-28f84493 wp-block-columns-is-layout-flex\">\n<div class=\"wp-block-column is-layout-flow wp-block-column-is-layout-flow\">\n<h3>S\u1ed1 1 | April 2025<\/h3>\n<\/div>\n\n\n\n<div class=\"wp-block-column is-layout-flow wp-block-column-is-layout-flow\">\n<h3>S\u1ed1 2 | August 2025<\/h3>\n<\/div>\n<\/div>\n\n\n\n<div class=\"wp-block-columns is-layout-flex wp-container-core-columns-is-layout-28f84493 wp-block-columns-is-layout-flex\">\n<div class=\"wp-block-column is-layout-flow wp-block-column-is-layout-flow\">\n<p class=\"has-text-color has-link-color has-medium-font-size wp-elements-3f6ae87b8f8bbe6c1d1e0a154a6f3758\" style=\"color:#8b6f5e\"><strong>S\u1ed1 Ra M\u1eaft: 50 N\u0103m Ng\u00e0y Qu\u1ed1c H\u1eadn 30-4<\/strong><\/p>\n<\/div>\n\n\n\n<div class=\"wp-block-column is-layout-flow wp-block-column-is-layout-flow\">\n<p class=\"has-text-color has-link-color has-medium-font-size wp-elements-9cd279dab46ad68301b7a9eff7c43809\" style=\"color:#8b6f5e\"><strong>H\u1ea1nh Ph\u00fac: GNI hay GNH?<\/strong><\/p>\n<\/div>\n<\/div>\n\n\n\n<div class=\"wp-block-columns is-layout-flex wp-container-core-columns-is-layout-28f84493 wp-block-columns-is-layout-flex\">\n<div class=\"wp-block-column is-layout-flow wp-block-column-is-layout-flow\">\n<p class=\"has-text-color has-link-color wp-elements-976b09a241d24fddc148eb1a494690d9\" style=\"color:#8b6f5e\">150 pages<\/p>\n<\/div>\n\n\n\n<div class=\"wp-block-column is-layout-flow wp-block-column-is-layout-flow\">\n<p class=\"has-text-color has-link-color wp-elements-d48805b434688a22ab96dc208ed5e638\" style=\"color:#8b6f5e\">134 pages<\/p>\n<\/div>\n<\/div>\n\n\n\n<div style=\"height:40px\" aria-hidden=\"true\" class=\"wp-block-spacer\"><\/div>\n\n\n\n<div class=\"wp-block-columns is-layout-flex wp-container-core-columns-is-layout-28f84493 wp-block-columns-is-layout-flex\">\n<div class=\"wp-block-column is-layout-flow wp-block-column-is-layout-flow\">\n<figure class=\"wp-block-image size-large issue-cover\"><a href=\"https:\/\/1975mag.com\/1975-magazine-so-3-november-2025\/\"><img loading=\"lazy\" decoding=\"async\" width=\"714\" height=\"1024\" src=\"https:\/\/1975mag.com\/wp-content\/uploads\/2026\/03\/1975-so-3-front-cover-714x1024.jpg\" alt=\"\" class=\"wp-image-1162\" srcset=\"https:\/\/1975mag.com\/wp-content\/uploads\/2026\/03\/1975-so-3-front-cover-714x1024.jpg 714w, https:\/\/1975mag.com\/wp-content\/uploads\/2026\/03\/1975-so-3-front-cover-209x300.jpg 209w, https:\/\/1975mag.com\/wp-content\/uploads\/2026\/03\/1975-so-3-front-cover-768x1101.jpg 768w, https:\/\/1975mag.com\/wp-content\/uploads\/2026\/03\/1975-so-3-front-cover-1072x1536.jpg 1072w, https:\/\/1975mag.com\/wp-content\/uploads\/2026\/03\/1975-so-3-front-cover-1429x2048.jpg 1429w, https:\/\/1975mag.com\/wp-content\/uploads\/2026\/03\/1975-so-3-front-cover-8x12.jpg 8w, https:\/\/1975mag.com\/wp-content\/uploads\/2026\/03\/1975-so-3-front-cover-scaled.jpg 1786w\" sizes=\"auto, (max-width: 714px) 100vw, 714px\" \/><\/a><\/figure>\n<\/div>\n\n\n\n<div class=\"wp-block-column is-layout-flow wp-block-column-is-layout-flow\">\n<figure class=\"wp-block-image size-large issue-cover\"><a href=\"https:\/\/1975mag.com\/1975-magazine-so-4-february-2026\/\"><img loading=\"lazy\" decoding=\"async\" width=\"714\" height=\"1024\" src=\"https:\/\/1975mag.com\/wp-content\/uploads\/2026\/03\/1975-so-4-front-cover-714x1024.jpg\" alt=\"\" class=\"wp-image-1163\" srcset=\"https:\/\/1975mag.com\/wp-content\/uploads\/2026\/03\/1975-so-4-front-cover-714x1024.jpg 714w, https:\/\/1975mag.com\/wp-content\/uploads\/2026\/03\/1975-so-4-front-cover-209x300.jpg 209w, https:\/\/1975mag.com\/wp-content\/uploads\/2026\/03\/1975-so-4-front-cover-768x1101.jpg 768w, https:\/\/1975mag.com\/wp-content\/uploads\/2026\/03\/1975-so-4-front-cover-1072x1536.jpg 1072w, https:\/\/1975mag.com\/wp-content\/uploads\/2026\/03\/1975-so-4-front-cover-1429x2048.jpg 1429w, https:\/\/1975mag.com\/wp-content\/uploads\/2026\/03\/1975-so-4-front-cover-8x12.jpg 8w, https:\/\/1975mag.com\/wp-content\/uploads\/2026\/03\/1975-so-4-front-cover-scaled.jpg 1786w\" sizes=\"auto, (max-width: 714px) 100vw, 714px\" \/><\/a><\/figure>\n<\/div>\n<\/div>\n\n\n\n<div class=\"wp-block-columns is-layout-flex wp-container-core-columns-is-layout-28f84493 wp-block-columns-is-layout-flex\">\n<div class=\"wp-block-column is-layout-flow wp-block-column-is-layout-flow\">\n<h3 class=\"gsbp-3a40b54\">S\u1ed1 3 | November 2025<\/h3>\n<\/div>\n\n\n\n<div class=\"wp-block-column is-layout-flow wp-block-column-is-layout-flow\">\n<h3 class=\"gsbp-9f6e22c\">S\u1ed1 4 | February 2026<\/h3>\n<\/div>\n<\/div>\n\n\n\n<div class=\"wp-block-columns is-layout-flex wp-container-core-columns-is-layout-28f84493 wp-block-columns-is-layout-flex\">\n<div class=\"wp-block-column is-layout-flow wp-block-column-is-layout-flow\">\n<p class=\"has-text-color has-link-color has-medium-font-size wp-elements-76b194342626c27fcb4e7dd058fe120a\" style=\"color:#8b6f5e\"><strong>AI Revolution<\/strong><\/p>\n<\/div>\n\n\n\n<div class=\"wp-block-column is-layout-flow wp-block-column-is-layout-flow\">\n<p class=\"has-text-color has-link-color has-medium-font-size wp-elements-de7441ed838a907f92490d286927b798\" style=\"color:#8b6f5e\"><strong>Xu\u00e2n B\u00ednh Ng\u1ecd 2026<\/strong><\/p>\n<\/div>\n<\/div>\n\n\n\n<div class=\"wp-block-columns is-layout-flex wp-container-core-columns-is-layout-28f84493 wp-block-columns-is-layout-flex\">\n<div class=\"wp-block-column is-layout-flow wp-block-column-is-layout-flow\">\n<p class=\"has-text-color has-link-color wp-elements-e30d3b101e61133f392422fa32858763\" style=\"color:#8b6f5e\">114 pages <\/p>\n<\/div>\n\n\n\n<div class=\"wp-block-column is-layout-flow wp-block-column-is-layout-flow\">\n<p class=\"has-text-color has-link-color wp-elements-77603bd223aca88edbb16af598bf48b4\" style=\"color:#8b6f5e\">154 pages<\/p>\n<\/div>\n<\/div>\n\n\n\n<hr class=\"wp-block-separator has-text-color has-alpha-channel-opacity has-background is-style-wide\" style=\"background-color:#8b1a1a;color:#8b1a1a\"\/>\n\n\n\n<p class=\"has-text-align-center\">New issues published every two months. Subscribe to receive notifications when a new issue is available.<\/p>\n\n\n\n<p class=\"has-text-color has-link-color wp-elements-995c6fa379d9d1f1cc82a44928e06b0e\" style=\"color:#8b6f5e\"><\/p>\n\n\n\n<p><\/p>\n","protected":false},"excerpt":{"rendered":"<p>All Published Issues of 1975 Magazine[Click the cover image to read or download the PDF] S\u1ed1 Ra M\u1eaft: 50 N\u0103m Ng\u00e0y Qu\u1ed1c H\u1eadn 30-4 H\u1ea1nh Ph\u00fac: GNI hay GNH? 150 pages 134 pages AI Revolution Xu\u00e2n B\u00ednh Ng\u1ecd 2026 114 pages 154 pages New issues published every two months. Subscribe to receive notifications when a [&hellip;]<\/p>\n","protected":false},"author":1,"featured_media":0,"parent":0,"menu_order":0,"comment_status":"closed","ping_status":"closed","template":"","meta":{"_acf_changed":false,"_gspb_post_css":".gsbp-3a40b54,.gsbp-9f6e22c{color:#2d1b1b}","footnotes":""},"class_list":["post-1152","page","type-page","status-publish","hentry"],"blocksy_meta":[],"acf":[],"_hostinger_reach_plugin_has_subscription_block":false,"_hostinger_reach_plugin_is_elementor":false,"_links":{"self":[{"href":"https:\/\/1975mag.com\/ro\/wp-json\/wp\/v2\/pages\/1152","targetHints":{"allow":["GET"]}}],"collection":[{"href":"https:\/\/1975mag.com\/ro\/wp-json\/wp\/v2\/pages"}],"about":[{"href":"https:\/\/1975mag.com\/ro\/wp-json\/wp\/v2\/types\/page"}],"author":[{"embeddable":true,"href":"https:\/\/1975mag.com\/ro\/wp-json\/wp\/v2\/users\/1"}],"replies":[{"embeddable":true,"href":"https:\/\/1975mag.com\/ro\/wp-json\/wp\/v2\/comments?post=1152"}],"version-history":[{"count":28,"href":"https:\/\/1975mag.com\/ro\/wp-json\/wp\/v2\/pages\/1152\/revisions"}],"predecessor-version":[{"id":1577,"href":"https:\/\/1975mag.com\/ro\/wp-json\/wp\/v2\/pages\/1152\/revisions\/1577"}],"wp:attachment":[{"href":"https:\/\/1975mag.com\/ro\/wp-json\/wp\/v2\/media?parent=1152"}],"curies":[{"name":"wp","href":"https:\/\/api.w.org\/{rel}","templated":true}]}}