{"id":1050,"date":"2026-03-16T17:23:14","date_gmt":"2026-03-16T17:23:14","guid":{"rendered":"https:\/\/1975mag.com\/?page_id=1050"},"modified":"2026-03-29T22:21:07","modified_gmt":"2026-03-29T22:21:07","slug":"donate","status":"publish","type":"page","link":"https:\/\/1975mag.com\/ro\/donate\/","title":{"rendered":"Donate"},"content":{"rendered":"<h1 class=\"gsbp-c3ca2f8\">\u1ee6ng H\u1ed9\/B\u1ea3o Tr\u1ee3 1975 Magazine<\/h1>\n\n\n\n<h3 class=\"gsbp-adfc598\">Support\/Sponsor 1975 Magazine<\/h3>\n\n\n\n<hr class=\"wp-block-separator has-text-color has-alpha-channel-opacity has-background is-style-wide\" style=\"background-color:#8b1a1a;color:#8b1a1a\"\/>\n\n\n\n<p class=\"has-text-color has-link-color wp-elements-988260561ec81e035fb00f612ca6d189\" style=\"color:#3d2b2b\">1975 Magazine l\u00e0 t\u1eadp san \u0111\u1ed9c l\u1eadp, phi l\u1ee3i nhu\u1eadn, do nh\u1eefng ng\u01b0\u1eddi Vi\u1ec7t t\u1ecb n\u1ea1n t\u1ef1 nguy\u1ec7n th\u1ef1c hi\u1ec7n. Ch\u00fang t\u00f4i kh\u00f4ng c\u00f3 qu\u1ea3ng c\u00e1o v\u00e0 kh\u00f4ng nh\u1eadn t\u00e0i tr\u1ee3 t\u1eeb b\u1ea5t k\u1ef3 t\u1ed5 ch\u1ee9c ch\u00ednh tr\u1ecb n\u00e0o.<\/p>\n\n\n\n<p class=\"has-text-color has-link-color wp-elements-d7193122618ccd6f4abccf1bc0482b3d\" style=\"color:#3d2b2b\">S\u1ef1 \u0111\u00f3ng g\u00f3p c\u1ee7a b\u1ea1n gi\u00fap ch\u00fang t\u00f4i duy tr\u00ec t\u1eadp san, trang tr\u1ea3i chi ph\u00ed in \u1ea5n, thi\u1ebft k\u1ebf v\u00e0 v\u1eadn h\u00e0nh website \u2014 \u0111\u1ec3 ti\u1ebfng n\u00f3i c\u1ee7a c\u1ed9ng \u0111\u1ed3ng ng\u01b0\u1eddi Vi\u1ec7t h\u1ea3i ngo\u1ea1i ti\u1ebfp t\u1ee5c \u0111\u01b0\u1ee3c l\u01b0u gi\u1eef v\u00e0 lan r\u1ed9ng.<\/p>\n\n\n\n<p class=\"has-text-color has-link-color wp-elements-bacd195a7c724c0aaa0c0064e8a3e06d\" style=\"color:#3d2b2b\">1975 Magazine is an independent, non-profit publication run entirely by Vietnamese diaspora volunteers. We carry no advertising and accept no funding from political organizations.<\/p>\n\n\n\n<p class=\"has-text-color has-link-color wp-elements-3027eb12d6f8aafbe7920d1750726b8f\" style=\"color:#3d2b2b\">Your contribution helps us maintain the journal, cover printing and design costs, and keep our website running \u2014 so that the voices of the Vietnamese diaspora continue to be preserved and shared.<\/p>\n\n\n\n<hr class=\"wp-block-separator has-text-color has-alpha-channel-opacity has-background is-style-wide\" style=\"background-color:#3d2b2b;color:#3d2b2b\"\/>\n\n\n\n<h3 class=\"gsbp-d13c54a\">Ph\u01b0\u01a1ng Th\u1ee9c \u0110\u00f3ng G\u00f3p\/How To Donate<\/h3>\n\n\n\n<h4 id=\"gspb_heading-id-gsbp-48fd0dc\" class=\"gspb_heading gspb_heading-id-gsbp-48fd0dc\">Paypal<\/h4>\n\n\n\n<p class=\"has-text-color has-link-color wp-elements-1279412664e0055568bedd66e6c8114d\" style=\"color:#3d2b2b\">G\u1edfi \u0111\u1ebfn\/Send to: <\/p>\n\n\n\n<h4 id=\"gspb_heading-id-gsbp-6086eb2\" class=\"gspb_heading gspb_heading-id-gsbp-6086eb2\">Zelle<\/h4>\n\n\n\n<p class=\"has-text-color has-link-color wp-elements-a35d049a401cc9fd3151ed2859df87e2\" style=\"color:#3d2b2b\">G\u1edfi \u0111\u1ebfn\/Send to:<\/p>\n\n\n\n<h4 id=\"gspb_heading-id-gsbp-35fd1ba\" class=\"gspb_heading gspb_heading-id-gsbp-35fd1ba\">Check By Mail\/Chi Phi\u1ebfu g\u1edfi qua B\u01b0u \u0110i\u1ec7n<\/h4>\n\n\n\n<p>Make Check Payable to: <\/p>\n\n\n\n<p class=\"has-text-color has-link-color wp-elements-35f2def4cfc25decf23d2b2955cf4062\" style=\"color:#3d2b2b\">Mail To: 5113 Bradford Dr., Annandale, VA 22003<\/p>\n\n\n\n<hr class=\"wp-block-separator has-text-color has-alpha-channel-opacity has-background is-style-wide\" style=\"background-color:#8b1a1a;color:#8b1a1a\"\/>\n\n\n\n<p class=\"has-text-color has-link-color wp-elements-431073aafd1c15e751a03fed7b03ce1f\" style=\"color:#8b6f5e\">C\u1ea3m \u01a1n s\u1ef1 \u1ee7ng h\u1ed9 c\u1ee7a b\u1ea1n. T\u1ea5m l\u00f2ng c\u1ee7a b\u1ea1n gi\u00fap ch\u00fang t\u00f4i ti\u1ebfp t\u1ee5c s\u1ee9 m\u1ec7nh g\u00ecn gi\u1eef k\u00fd \u1ee9c v\u00e0 ti\u1ebfng n\u00f3i c\u1ee7a ng\u01b0\u1eddi Vi\u1ec7t h\u1ea3i ngo\u1ea1i.<\/p>\n\n\n\n<p class=\"has-text-color has-link-color wp-elements-1cac24baaadd4ffd015203ae2312346d\" style=\"color:#8b6f5e\">Thank you for your generous support. Your contribution helps us continue our mission of preserving the memories and voices of the Vietnamese diaspora.<\/p>\n\n\n\n<p class=\"has-text-color has-link-color wp-elements-11421281a11da74b98bc25e904218a25\" style=\"color:#8b6f5e\"><\/p>","protected":false},"excerpt":{"rendered":"<p>1975 Magazine l\u00e0 t\u1eadp san \u0111\u1ed9c l\u1eadp, phi l\u1ee3i nhu\u1eadn, do nh\u1eefng ng\u01b0\u1eddi Vi\u1ec7t t\u1ecb n\u1ea1n t\u1ef1 nguy\u1ec7n th\u1ef1c hi\u1ec7n. Ch\u00fang t\u00f4i kh\u00f4ng c\u00f3 qu\u1ea3ng c\u00e1o v\u00e0 kh\u00f4ng nh\u1eadn t\u00e0i tr\u1ee3 t\u1eeb b\u1ea5t k\u1ef3 t\u1ed5 ch\u1ee9c ch\u00ednh tr\u1ecb n\u00e0o. S\u1ef1 \u0111\u00f3ng g\u00f3p c\u1ee7a b\u1ea1n gi\u00fap ch\u00fang t\u00f4i duy tr\u00ec t\u1eadp san, trang tr\u1ea3i chi ph\u00ed [&hellip;]<\/p>\n","protected":false},"author":1,"featured_media":0,"parent":0,"menu_order":0,"comment_status":"closed","ping_status":"closed","template":"","meta":{"_acf_changed":false,"_gspb_post_css":".gsbp-c3ca2f8{color:#2d1b1b}.gsbp-adfc598{color:#8b6f5e}.gsbp-d13c54a{color:#2d1b1b}#gspb_heading-id-gsbp-35fd1ba,#gspb_heading-id-gsbp-48fd0dc,#gspb_heading-id-gsbp-6086eb2{color:#8b1a1a}","footnotes":""},"class_list":["post-1050","page","type-page","status-publish","hentry"],"blocksy_meta":[],"acf":[],"_hostinger_reach_plugin_has_subscription_block":false,"_hostinger_reach_plugin_is_elementor":false,"_links":{"self":[{"href":"https:\/\/1975mag.com\/ro\/wp-json\/wp\/v2\/pages\/1050","targetHints":{"allow":["GET"]}}],"collection":[{"href":"https:\/\/1975mag.com\/ro\/wp-json\/wp\/v2\/pages"}],"about":[{"href":"https:\/\/1975mag.com\/ro\/wp-json\/wp\/v2\/types\/page"}],"author":[{"embeddable":true,"href":"https:\/\/1975mag.com\/ro\/wp-json\/wp\/v2\/users\/1"}],"replies":[{"embeddable":true,"href":"https:\/\/1975mag.com\/ro\/wp-json\/wp\/v2\/comments?post=1050"}],"version-history":[{"count":8,"href":"https:\/\/1975mag.com\/ro\/wp-json\/wp\/v2\/pages\/1050\/revisions"}],"predecessor-version":[{"id":1609,"href":"https:\/\/1975mag.com\/ro\/wp-json\/wp\/v2\/pages\/1050\/revisions\/1609"}],"wp:attachment":[{"href":"https:\/\/1975mag.com\/ro\/wp-json\/wp\/v2\/media?parent=1050"}],"curies":[{"name":"wp","href":"https:\/\/api.w.org\/{rel}","templated":true}]}}