{"id":1048,"date":"2026-03-16T17:22:56","date_gmt":"2026-03-16T17:22:56","guid":{"rendered":"https:\/\/1975mag.com\/?page_id=1048"},"modified":"2026-03-28T14:02:15","modified_gmt":"2026-03-28T14:02:15","slug":"subscribe","status":"publish","type":"page","link":"https:\/\/1975mag.com\/ro\/subscribe\/","title":{"rendered":"Subscribe"},"content":{"rendered":"<h1 class=\"gsbp-3f91ac6 alignfull\">\u0110\u0103ng K\u00fd Nh\u1eadn Tin<\/h1>\n\n\n\n<h3 class=\"gsbp-161e8a3 alignwide\">Subscribe to 1975 Magazine<\/h3>\n\n\n\n<hr class=\"wp-block-separator has-text-color has-alpha-channel-opacity has-background is-style-wide\" style=\"background-color:#8b1a1a;color:#8b1a1a\"\/>\n\n\n\n<p class=\"has-text-align-center has-text-color has-link-color has-medium-font-size wp-elements-00521ead632e11adc99f4873fd9b627b\" style=\"color:#3d2b2b\">T\u1eadp san 1975 Magazine ph\u00e1t h\u00e0nh hai th\u00e1ng m\u1ed9t l\u1ea7n. \u0110\u0103ng k\u00fd email \u0111\u1ec3 nh\u1eadn th\u00f4ng b\u00e1o khi c\u00f3 s\u1ed1 m\u1edbi, b\u00e0i vi\u1ebft \u0111\u1eb7c s\u1eafc v\u00e0 tin t\u1ee9c t\u1eeb c\u1ed9ng \u0111\u1ed3ng ng\u01b0\u1eddi Vi\u1ec7t h\u1ea3i ngo\u1ea1i.<\/p>\n\n\n\n<div class=\"ml-embedded\" data-form=\"K2ka12\">\u00a0<\/div>\n\n\n\n<p class=\"has-text-align-center has-text-color has-link-color wp-elements-ccfd41cbcf40c768ab07f86bc6ea5bea\" style=\"color:#8b6f5e\">Ch\u00fang t\u00f4i t\u00f4n tr\u1ecdng s\u1ef1 ri\u00eang t\u01b0 c\u1ee7a b\u1ea1n. Email c\u1ee7a b\u1ea1n s\u1ebd kh\u00f4ng \u0111\u01b0\u1ee3c chia s\u1ebb v\u1edbi b\u1ea5t k\u1ef3 ai. We respect your privacy. Your email will never be shared.<\/p>\n\n\n\n<p>&nbsp;<\/p>\n\n\n\n<p><\/p>","protected":false},"excerpt":{"rendered":"<p>T\u1eadp san 1975 Magazine ph\u00e1t h\u00e0nh hai th\u00e1ng m\u1ed9t l\u1ea7n. \u0110\u0103ng k\u00fd email \u0111\u1ec3 nh\u1eadn th\u00f4ng b\u00e1o khi c\u00f3 s\u1ed1 m\u1edbi, b\u00e0i vi\u1ebft \u0111\u1eb7c s\u1eafc v\u00e0 tin t\u1ee9c t\u1eeb c\u1ed9ng \u0111\u1ed3ng ng\u01b0\u1eddi Vi\u1ec7t h\u1ea3i ngo\u1ea1i. \u00a0 Ch\u00fang t\u00f4i t\u00f4n tr\u1ecdng s\u1ef1 ri\u00eang t\u01b0 c\u1ee7a b\u1ea1n. Email c\u1ee7a b\u1ea1n s\u1ebd kh\u00f4ng \u0111\u01b0\u1ee3c chia s\u1ebb v\u1edbi b\u1ea5t [&hellip;]<\/p>\n","protected":false},"author":1,"featured_media":0,"parent":0,"menu_order":0,"comment_status":"closed","ping_status":"closed","template":"","meta":{"_acf_changed":false,"_gspb_post_css":".gsbp-161e8a3{text-align:center;color:#8b6f5e}.gsbp-3f91ac6{text-align:center!important}","footnotes":""},"class_list":["post-1048","page","type-page","status-publish","hentry"],"blocksy_meta":[],"acf":[],"_hostinger_reach_plugin_has_subscription_block":false,"_hostinger_reach_plugin_is_elementor":false,"_links":{"self":[{"href":"https:\/\/1975mag.com\/ro\/wp-json\/wp\/v2\/pages\/1048","targetHints":{"allow":["GET"]}}],"collection":[{"href":"https:\/\/1975mag.com\/ro\/wp-json\/wp\/v2\/pages"}],"about":[{"href":"https:\/\/1975mag.com\/ro\/wp-json\/wp\/v2\/types\/page"}],"author":[{"embeddable":true,"href":"https:\/\/1975mag.com\/ro\/wp-json\/wp\/v2\/users\/1"}],"replies":[{"embeddable":true,"href":"https:\/\/1975mag.com\/ro\/wp-json\/wp\/v2\/comments?post=1048"}],"version-history":[{"count":12,"href":"https:\/\/1975mag.com\/ro\/wp-json\/wp\/v2\/pages\/1048\/revisions"}],"predecessor-version":[{"id":1584,"href":"https:\/\/1975mag.com\/ro\/wp-json\/wp\/v2\/pages\/1048\/revisions\/1584"}],"wp:attachment":[{"href":"https:\/\/1975mag.com\/ro\/wp-json\/wp\/v2\/media?parent=1048"}],"curies":[{"name":"wp","href":"https:\/\/api.w.org\/{rel}","templated":true}]}}